{"id":674,"date":"2021-02-12T13:53:11","date_gmt":"2021-02-12T13:53:11","guid":{"rendered":"https:\/\/pavojingosiosatliekos.lt\/kontaktai\/"},"modified":"2021-04-28T05:20:53","modified_gmt":"2021-04-28T05:20:53","slug":"contacts","status":"publish","type":"page","link":"https:\/\/pavojingosiosatliekos.lt\/en\/contacts\/","title":{"rendered":"Contacts"},"content":{"rendered":"","protected":false},"excerpt":{"rendered":"","protected":false},"author":1,"featured_media":0,"parent":0,"menu_order":0,"comment_status":"closed","ping_status":"closed","template":"templates\/contacts-template.php","meta":{"footnotes":""},"class_list":["post-674","page","type-page","status-publish","hentry"],"acf":[],"yoast_head":"<!-- This site is optimized with the Yoast SEO plugin v19.4 - https:\/\/yoast.com\/wordpress\/plugins\/seo\/ -->\n<title>Haz-ident - Dirbame kartu d\u0117l \u017ealesn\u0117s Europos<\/title>\n<meta name=\"description\" content=\"Haz-ident projekto vadov\u0117s ir projekto administrator\u0117s kontaktai. Dirbame kartu d\u0117l \u017ealesn\u0117s Europos.\" \/>\n<meta name=\"robots\" content=\"index, follow, max-snippet:-1, max-image-preview:large, max-video-preview:-1\" \/>\n<link rel=\"canonical\" href=\"https:\/\/pavojingosiosatliekos.lt\/en\/contacts\/\" \/>\n<meta property=\"og:locale\" content=\"en_US\" \/>\n<meta property=\"og:type\" content=\"article\" \/>\n<meta property=\"og:title\" content=\"Haz-ident - Dirbame kartu d\u0117l \u017ealesn\u0117s Europos\" \/>\n<meta property=\"og:description\" content=\"Haz-ident projekto vadov\u0117s ir projekto administrator\u0117s kontaktai. Dirbame kartu d\u0117l \u017ealesn\u0117s Europos.\" \/>\n<meta property=\"og:url\" content=\"https:\/\/pavojingosiosatliekos.lt\/en\/contacts\/\" \/>\n<meta property=\"og:site_name\" content=\"Haz-ident projektas\" \/>\n<meta property=\"article:modified_time\" content=\"2021-04-28T05:20:53+00:00\" \/>\n<meta name=\"twitter:card\" content=\"summary_large_image\" \/>\n<script type=\"application\/ld+json\" class=\"yoast-schema-graph\">{\"@context\":\"https:\/\/schema.org\",\"@graph\":[{\"@type\":\"Organization\",\"@id\":\"https:\/\/pavojingosiosatliekos.lt\/#organization\",\"name\":\"Haz-ident projektas\",\"url\":\"https:\/\/pavojingosiosatliekos.lt\/\",\"sameAs\":[],\"logo\":{\"@type\":\"ImageObject\",\"inLanguage\":\"en-US\",\"@id\":\"https:\/\/pavojingosiosatliekos.lt\/#\/schema\/logo\/image\/\",\"url\":\"https:\/\/pavojingosiosatliekos.lt\/wp-content\/uploads\/2021\/02\/apie-haz.png\",\"contentUrl\":\"https:\/\/pavojingosiosatliekos.lt\/wp-content\/uploads\/2021\/02\/apie-haz.png\",\"width\":368,\"height\":101,\"caption\":\"Haz-ident projektas\"},\"image\":{\"@id\":\"https:\/\/pavojingosiosatliekos.lt\/#\/schema\/logo\/image\/\"}},{\"@type\":\"WebSite\",\"@id\":\"https:\/\/pavojingosiosatliekos.lt\/#website\",\"url\":\"https:\/\/pavojingosiosatliekos.lt\/\",\"name\":\"Haz-ident projektas\",\"description\":\"\",\"publisher\":{\"@id\":\"https:\/\/pavojingosiosatliekos.lt\/#organization\"},\"potentialAction\":[{\"@type\":\"SearchAction\",\"target\":{\"@type\":\"EntryPoint\",\"urlTemplate\":\"https:\/\/pavojingosiosatliekos.lt\/?s={search_term_string}\"},\"query-input\":\"required name=search_term_string\"}],\"inLanguage\":\"en-US\"},{\"@type\":\"WebPage\",\"@id\":\"https:\/\/pavojingosiosatliekos.lt\/en\/contacts\/\",\"url\":\"https:\/\/pavojingosiosatliekos.lt\/en\/contacts\/\",\"name\":\"Haz-ident - Dirbame kartu d\u0117l \u017ealesn\u0117s Europos\",\"isPartOf\":{\"@id\":\"https:\/\/pavojingosiosatliekos.lt\/#website\"},\"datePublished\":\"2021-02-12T13:53:11+00:00\",\"dateModified\":\"2021-04-28T05:20:53+00:00\",\"description\":\"Haz-ident projekto vadov\u0117s ir projekto administrator\u0117s kontaktai. Dirbame kartu d\u0117l \u017ealesn\u0117s Europos.\",\"breadcrumb\":{\"@id\":\"https:\/\/pavojingosiosatliekos.lt\/en\/contacts\/#breadcrumb\"},\"inLanguage\":\"en-US\",\"potentialAction\":[{\"@type\":\"ReadAction\",\"target\":[\"https:\/\/pavojingosiosatliekos.lt\/en\/contacts\/\"]}]},{\"@type\":\"BreadcrumbList\",\"@id\":\"https:\/\/pavojingosiosatliekos.lt\/en\/contacts\/#breadcrumb\",\"itemListElement\":[{\"@type\":\"ListItem\",\"position\":1,\"name\":\"Prad\u017eia\",\"item\":\"https:\/\/pavojingosiosatliekos.lt\/en\/\"},{\"@type\":\"ListItem\",\"position\":2,\"name\":\"Contacts\"}]}]}<\/script>\n<!-- \/ Yoast SEO plugin. -->","yoast_head_json":{"title":"Haz-ident - Dirbame kartu d\u0117l \u017ealesn\u0117s Europos","description":"Haz-ident projekto vadov\u0117s ir projekto administrator\u0117s kontaktai. Dirbame kartu d\u0117l \u017ealesn\u0117s Europos.","robots":{"index":"index","follow":"follow","max-snippet":"max-snippet:-1","max-image-preview":"max-image-preview:large","max-video-preview":"max-video-preview:-1"},"canonical":"https:\/\/pavojingosiosatliekos.lt\/en\/contacts\/","og_locale":"en_US","og_type":"article","og_title":"Haz-ident - Dirbame kartu d\u0117l \u017ealesn\u0117s Europos","og_description":"Haz-ident projekto vadov\u0117s ir projekto administrator\u0117s kontaktai. Dirbame kartu d\u0117l \u017ealesn\u0117s Europos.","og_url":"https:\/\/pavojingosiosatliekos.lt\/en\/contacts\/","og_site_name":"Haz-ident projektas","article_modified_time":"2021-04-28T05:20:53+00:00","twitter_card":"summary_large_image","schema":{"@context":"https:\/\/schema.org","@graph":[{"@type":"Organization","@id":"https:\/\/pavojingosiosatliekos.lt\/#organization","name":"Haz-ident projektas","url":"https:\/\/pavojingosiosatliekos.lt\/","sameAs":[],"logo":{"@type":"ImageObject","inLanguage":"en-US","@id":"https:\/\/pavojingosiosatliekos.lt\/#\/schema\/logo\/image\/","url":"https:\/\/pavojingosiosatliekos.lt\/wp-content\/uploads\/2021\/02\/apie-haz.png","contentUrl":"https:\/\/pavojingosiosatliekos.lt\/wp-content\/uploads\/2021\/02\/apie-haz.png","width":368,"height":101,"caption":"Haz-ident projektas"},"image":{"@id":"https:\/\/pavojingosiosatliekos.lt\/#\/schema\/logo\/image\/"}},{"@type":"WebSite","@id":"https:\/\/pavojingosiosatliekos.lt\/#website","url":"https:\/\/pavojingosiosatliekos.lt\/","name":"Haz-ident projektas","description":"","publisher":{"@id":"https:\/\/pavojingosiosatliekos.lt\/#organization"},"potentialAction":[{"@type":"SearchAction","target":{"@type":"EntryPoint","urlTemplate":"https:\/\/pavojingosiosatliekos.lt\/?s={search_term_string}"},"query-input":"required name=search_term_string"}],"inLanguage":"en-US"},{"@type":"WebPage","@id":"https:\/\/pavojingosiosatliekos.lt\/en\/contacts\/","url":"https:\/\/pavojingosiosatliekos.lt\/en\/contacts\/","name":"Haz-ident - Dirbame kartu d\u0117l \u017ealesn\u0117s Europos","isPartOf":{"@id":"https:\/\/pavojingosiosatliekos.lt\/#website"},"datePublished":"2021-02-12T13:53:11+00:00","dateModified":"2021-04-28T05:20:53+00:00","description":"Haz-ident projekto vadov\u0117s ir projekto administrator\u0117s kontaktai. Dirbame kartu d\u0117l \u017ealesn\u0117s Europos.","breadcrumb":{"@id":"https:\/\/pavojingosiosatliekos.lt\/en\/contacts\/#breadcrumb"},"inLanguage":"en-US","potentialAction":[{"@type":"ReadAction","target":["https:\/\/pavojingosiosatliekos.lt\/en\/contacts\/"]}]},{"@type":"BreadcrumbList","@id":"https:\/\/pavojingosiosatliekos.lt\/en\/contacts\/#breadcrumb","itemListElement":[{"@type":"ListItem","position":1,"name":"Prad\u017eia","item":"https:\/\/pavojingosiosatliekos.lt\/en\/"},{"@type":"ListItem","position":2,"name":"Contacts"}]}]}},"_links":{"self":[{"href":"https:\/\/pavojingosiosatliekos.lt\/en\/wp-json\/wp\/v2\/pages\/674","targetHints":{"allow":["GET"]}}],"collection":[{"href":"https:\/\/pavojingosiosatliekos.lt\/en\/wp-json\/wp\/v2\/pages"}],"about":[{"href":"https:\/\/pavojingosiosatliekos.lt\/en\/wp-json\/wp\/v2\/types\/page"}],"author":[{"embeddable":true,"href":"https:\/\/pavojingosiosatliekos.lt\/en\/wp-json\/wp\/v2\/users\/1"}],"replies":[{"embeddable":true,"href":"https:\/\/pavojingosiosatliekos.lt\/en\/wp-json\/wp\/v2\/comments?post=674"}],"version-history":[{"count":3,"href":"https:\/\/pavojingosiosatliekos.lt\/en\/wp-json\/wp\/v2\/pages\/674\/revisions"}],"predecessor-version":[{"id":726,"href":"https:\/\/pavojingosiosatliekos.lt\/en\/wp-json\/wp\/v2\/pages\/674\/revisions\/726"}],"wp:attachment":[{"href":"https:\/\/pavojingosiosatliekos.lt\/en\/wp-json\/wp\/v2\/media?parent=674"}],"curies":[{"name":"wp","href":"https:\/\/api.w.org\/{rel}","templated":true}]}}